{"id":20,"date":"2025-03-18T09:21:56","date_gmt":"2025-03-18T08:21:56","guid":{"rendered":"https:\/\/tw-bau.ch\/cms\/?page_id=20"},"modified":"2025-03-18T09:23:14","modified_gmt":"2025-03-18T08:23:14","slug":"leistungen","status":"publish","type":"page","link":"https:\/\/tw-bau.ch\/cms\/leistungen\/","title":{"rendered":"Leistungen"},"content":{"rendered":"\t\t<div data-elementor-type=\"wp-page\" data-elementor-id=\"20\" class=\"elementor elementor-20\">\n\t\t\t\t<div class=\"elementor-element elementor-element-e8fdc62 e-flex e-con-boxed e-con e-parent\" data-id=\"e8fdc62\" data-element_type=\"container\">\n\t\t\t\t\t<div class=\"e-con-inner\">\n\t\t\t\t<div class=\"elementor-element elementor-element-8d7f313 elementor-widget elementor-widget-image\" data-id=\"8d7f313\" data-element_type=\"widget\" data-widget_type=\"image.default\">\n\t\t\t\t<div class=\"elementor-widget-container\">\n\t\t\t\t\t\t\t\t\t\t\t\t\t\t\t<img fetchpriority=\"high\" decoding=\"async\" width=\"960\" height=\"320\" src=\"https:\/\/tw-bau.ch\/cms\/wp-content\/uploads\/2025\/03\/7157017-Holzterrasse20Perotti.jpg\" class=\"attachment-large size-large wp-image-23\" alt=\"\" srcset=\"https:\/\/tw-bau.ch\/cms\/wp-content\/uploads\/2025\/03\/7157017-Holzterrasse20Perotti.jpg 960w, https:\/\/tw-bau.ch\/cms\/wp-content\/uploads\/2025\/03\/7157017-Holzterrasse20Perotti-300x100.jpg 300w, https:\/\/tw-bau.ch\/cms\/wp-content\/uploads\/2025\/03\/7157017-Holzterrasse20Perotti-768x256.jpg 768w\" sizes=\"(max-width: 960px) 100vw, 960px\" \/>\t\t\t\t\t\t\t\t\t\t\t\t\t\t\t<\/div>\n\t\t\t\t<\/div>\n\t\t\t\t<div class=\"elementor-element elementor-element-75a033d elementor-widget elementor-widget-spacer\" data-id=\"75a033d\" data-element_type=\"widget\" data-widget_type=\"spacer.default\">\n\t\t\t\t<div class=\"elementor-widget-container\">\n\t\t\t\t\t\t\t<div class=\"elementor-spacer\">\n\t\t\t<div class=\"elementor-spacer-inner\"><\/div>\n\t\t<\/div>\n\t\t\t\t\t\t<\/div>\n\t\t\t\t<\/div>\n\t\t\t\t<div class=\"elementor-element elementor-element-5cfb069 elementor-widget elementor-widget-heading\" data-id=\"5cfb069\" data-element_type=\"widget\" data-widget_type=\"heading.default\">\n\t\t\t\t<div class=\"elementor-widget-container\">\n\t\t\t\t\t<h2 class=\"elementor-heading-title elementor-size-default\">TW-Bau GmbH <\/h2>\t\t\t\t<\/div>\n\t\t\t\t<\/div>\n\t\t\t\t<div class=\"elementor-element elementor-element-bdfd26a elementor-widget elementor-widget-text-editor\" data-id=\"bdfd26a\" data-element_type=\"widget\" data-widget_type=\"text-editor.default\">\n\t\t\t\t<div class=\"elementor-widget-container\">\n\t\t\t\t\t\t\t\t\t<p>Bauleitungen und Bauf\u00fchrungen:<\/p><ul><li style=\"list-style-type: none;\"><ul><li>Umbauten von Liegenschaften<\/li><li>Sanierungen<\/li><li>Ausbau von Arztpraxen<\/li><li>Bau von Bootsstegen<\/li><li>Bau von Terrassen<\/li><li>Umgebungen gestalten und\u00a0anlegen<\/li><li>Liegenschaftenunterhalt<\/li><li>Sanit\u00e4rinstallationen, Reparaturen<\/li><li>Baumeister und\u00a0 Plattenlegerarbeiten\u200b\u200b\u200b\u200b\u200b\u200b\u200b<\/li><li>Boote ein-auswassern, Transporte mit Traktor<\/li><li>Vorsorgeauftr\u00e4ge (Beistand\u200b\u200b\u200b\u200b\u200b\u200b\u200b)<\/li><\/ul><\/li><\/ul><div>\u00a0<\/div><div><strong>Option: <\/strong><\/div><div>\u00a0\u00a0\u00a0\u00a0\u00a0\u00a0 Wenn Sie bei Ihrem Projekt gerne\u00a0selbst aktiv\u00a0Hand anlegen m\u00f6chten,<\/div><div>\u00a0 \u00a0 \u00a0\u00a0 ist das kein Problem. Wir leiten Sie gerne an und\u00a0unterst\u00fctzen Sie.<\/div><div>\u00a0 \u00a0 \u00a0\u00a0 Gemeinsam f\u00fchren wir Ihr Projekt aus.<\/div><div>\u00a0 \u00a0 \u00a0\u00a0 Einige Bauherren haben diese M\u00f6glichkeit in Anspruch genommen,<\/div><div>\u00a0 \u00a0 \u00a0\u00a0 und beim Handanlegen viele\u00a0wertvolle Erfahrungen gesammelt.<br \/><br \/><\/div><div><strong>Beispiel:<\/strong><\/div><div>\u00a0\u00a0\u00a0\u00a0\u00a0\u00a0\u00a0 Ein Bauherr nahm sich 3 Wochen\u00a0Ferien und formulierte sp\u00e4ter, sein Vater habe<\/div><div>\u00a0 \u00a0 \u00a0 \u00a0 ihm\u00a0nie praktische F\u00e4higkeiten zugetraut.<\/div><div>\u00a0 \u00a0 \u00a0 \u00a0 Nach seinem Umbau wusste er, dass er\u00a0praktische Begabungen hat.<\/div><div>\u00a0\u00a0\u00a0\u00a0\u00a0\u00a0\u00a0 Das hat sein Selbstvertrauen enorm gest\u00e4rkt.<\/div><div>\u00a0<\/div><p>\u00a0Sie ben\u00f6tigen Dienstleistungen und bauliche Unterst\u00fctzung rund um Ihr Haus?<br \/>\u00a0Wir beraten, planen, koordinieren und f\u00fchren f\u00fcr Sie Auftr\u00e4ge speditiv und zuverl\u00e4ssig aus.\u00a0<\/p>\t\t\t\t\t\t\t\t<\/div>\n\t\t\t\t<\/div>\n\t\t\t\t<div class=\"elementor-element elementor-element-8550e60 elementor-widget elementor-widget-spacer\" data-id=\"8550e60\" data-element_type=\"widget\" data-widget_type=\"spacer.default\">\n\t\t\t\t<div class=\"elementor-widget-container\">\n\t\t\t\t\t\t\t<div class=\"elementor-spacer\">\n\t\t\t<div class=\"elementor-spacer-inner\"><\/div>\n\t\t<\/div>\n\t\t\t\t\t\t<\/div>\n\t\t\t\t<\/div>\n\t\t\t\t\t<\/div>\n\t\t\t\t<\/div>\n\t\t\t\t<\/div>\n\t\t","protected":false},"excerpt":{"rendered":"<p>TW-Bau GmbH Bauleitungen und Bauf\u00fchrungen: Umbauten von Liegenschaften Sanierungen Ausbau von Arztpraxen Bau von Bootsstegen Bau von Terrassen Umgebungen gestalten und\u00a0anlegen Liegenschaftenunterhalt Sanit\u00e4rinstallationen, Reparaturen Baumeister und\u00a0 Plattenlegerarbeiten\u200b\u200b\u200b\u200b\u200b\u200b\u200b Boote ein-auswassern, Transporte mit Traktor Vorsorgeauftr\u00e4ge (Beistand\u200b\u200b\u200b\u200b\u200b\u200b\u200b) \u00a0Option: \u00a0\u00a0\u00a0\u00a0\u00a0\u00a0 Wenn Sie bei Ihrem Projekt gerne\u00a0selbst aktiv\u00a0Hand anlegen m\u00f6chten,\u00a0 \u00a0 \u00a0\u00a0 ist das kein Problem. Wir leiten Sie gerne&hellip;&nbsp;<a href=\"https:\/\/tw-bau.ch\/cms\/leistungen\/\" rel=\"bookmark\"><span class=\"screen-reader-text\">Leistungen<\/span><\/a><\/p>\n","protected":false},"author":1,"featured_media":0,"parent":0,"menu_order":0,"comment_status":"closed","ping_status":"closed","template":"page-templates\/template-pagebuilder-full-width.php","meta":{"neve_meta_sidebar":"","neve_meta_container":"","neve_meta_enable_content_width":"","neve_meta_content_width":0,"neve_meta_title_alignment":"","neve_meta_author_avatar":"","neve_post_elements_order":"","neve_meta_disable_header":"","neve_meta_disable_footer":"","neve_meta_disable_title":"","footnotes":""},"class_list":["post-20","page","type-page","status-publish","hentry"],"_links":{"self":[{"href":"https:\/\/tw-bau.ch\/cms\/wp-json\/wp\/v2\/pages\/20","targetHints":{"allow":["GET"]}}],"collection":[{"href":"https:\/\/tw-bau.ch\/cms\/wp-json\/wp\/v2\/pages"}],"about":[{"href":"https:\/\/tw-bau.ch\/cms\/wp-json\/wp\/v2\/types\/page"}],"author":[{"embeddable":true,"href":"https:\/\/tw-bau.ch\/cms\/wp-json\/wp\/v2\/users\/1"}],"replies":[{"embeddable":true,"href":"https:\/\/tw-bau.ch\/cms\/wp-json\/wp\/v2\/comments?post=20"}],"version-history":[{"count":4,"href":"https:\/\/tw-bau.ch\/cms\/wp-json\/wp\/v2\/pages\/20\/revisions"}],"predecessor-version":[{"id":26,"href":"https:\/\/tw-bau.ch\/cms\/wp-json\/wp\/v2\/pages\/20\/revisions\/26"}],"wp:attachment":[{"href":"https:\/\/tw-bau.ch\/cms\/wp-json\/wp\/v2\/media?parent=20"}],"curies":[{"name":"wp","href":"https:\/\/api.w.org\/{rel}","templated":true}]}}