{"id":12,"date":"2025-03-17T14:21:02","date_gmt":"2025-03-17T13:21:02","guid":{"rendered":"https:\/\/tw-bau.ch\/cms\/?page_id=12"},"modified":"2025-03-21T12:47:33","modified_gmt":"2025-03-21T11:47:33","slug":"home","status":"publish","type":"page","link":"https:\/\/tw-bau.ch\/cms\/","title":{"rendered":"Home"},"content":{"rendered":"\t\t<div data-elementor-type=\"wp-page\" data-elementor-id=\"12\" class=\"elementor elementor-12\">\n\t\t\t\t<div class=\"elementor-element elementor-element-c89c727 e-flex e-con-boxed e-con e-parent\" data-id=\"c89c727\" data-element_type=\"container\" data-settings=\"{&quot;background_background&quot;:&quot;classic&quot;}\">\n\t\t\t\t\t<div class=\"e-con-inner\">\n\t\t<div class=\"elementor-element elementor-element-495041d e-con-full e-flex e-con e-child\" data-id=\"495041d\" data-element_type=\"container\">\n\t\t\t\t<div class=\"elementor-element elementor-element-f33896e elementor-widget elementor-widget-image\" data-id=\"f33896e\" data-element_type=\"widget\" data-widget_type=\"image.default\">\n\t\t\t\t<div class=\"elementor-widget-container\">\n\t\t\t\t\t\t\t\t\t\t\t\t\t\t\t<img fetchpriority=\"high\" decoding=\"async\" width=\"640\" height=\"360\" src=\"https:\/\/tw-bau.ch\/cms\/wp-content\/uploads\/2025\/03\/11588954-Remise_Banane-16790.w640.jpg\" class=\"attachment-large size-large wp-image-16\" alt=\"\" srcset=\"https:\/\/tw-bau.ch\/cms\/wp-content\/uploads\/2025\/03\/11588954-Remise_Banane-16790.w640.jpg 640w, https:\/\/tw-bau.ch\/cms\/wp-content\/uploads\/2025\/03\/11588954-Remise_Banane-16790.w640-300x169.jpg 300w\" sizes=\"(max-width: 640px) 100vw, 640px\" \/>\t\t\t\t\t\t\t\t\t\t\t\t\t\t\t<\/div>\n\t\t\t\t<\/div>\n\t\t\t\t<div class=\"elementor-element elementor-element-4d26246 elementor-widget elementor-widget-heading\" data-id=\"4d26246\" data-element_type=\"widget\" data-widget_type=\"heading.default\">\n\t\t\t\t<div class=\"elementor-widget-container\">\n\t\t\t\t\t<h2 class=\"elementor-heading-title elementor-size-default\">Planung und Ausf\u00fchrung rund um Haus, Garten und See <\/h2>\t\t\t\t<\/div>\n\t\t\t\t<\/div>\n\t\t\t\t<div class=\"elementor-element elementor-element-e9908ed elementor-widget elementor-widget-heading\" data-id=\"e9908ed\" data-element_type=\"widget\" data-widget_type=\"heading.default\">\n\t\t\t\t<div class=\"elementor-widget-container\">\n\t\t\t\t\t<h4 class=\"elementor-heading-title elementor-size-default\">Herzlich willkommen!<\/h4>\t\t\t\t<\/div>\n\t\t\t\t<\/div>\n\t\t\t\t<div class=\"elementor-element elementor-element-80bdae6 elementor-widget elementor-widget-text-editor\" data-id=\"80bdae6\" data-element_type=\"widget\" data-widget_type=\"text-editor.default\">\n\t\t\t\t<div class=\"elementor-widget-container\">\n\t\t\t\t\t\t\t\t\t<p style=\"text-align: center;\">Die speditive Umsetzung der uns \u00fcbertragenen Arbeiten ist unser Ziel.<br \/>Dies erreichen wir Dank langj\u00e4hriger Erfahrung und hohem Qualit\u00e4tsdenken. Unsere \u00fcberdurchschnittlichen Leistungen aus einer Hand erlauben es uns, unseren Kunden jederzeit einen zuverl\u00e4ssigen Service zu bieten.<\/p><p style=\"text-align: center;\">Wir legen Wert darauf,<\/p><p style=\"text-align: center;\">gemeinsam mit unseren Kunden optimale und effiziente L\u00f6sungen zu finden, und diese optimal und kosteng\u00fcnstig umzusetzen.<\/p><p style=\"text-align: center;\">Begeisterte und wiederkehrende Kunden sind unser gr\u00f6sster Erfolg.<\/p><div class=\"widget-wrapper widget-element free-text diy-resizable \" style=\"text-align: center;\"><div id=\"widget-id-9520810\" class=\"widget-body \"><div class=\"freetextarea\"><p><span style=\"color: #0000ff;\"><strong>TW-Bau GmbH, Dorfstrasse 1, 8712\u00a0St\u00e4fa<\/strong><\/span><\/p><\/div><\/div><\/div><div class=\"widget-wrapper widget-element free-text diy-resizable \"><div id=\"widget-id-1699974\" class=\"widget-body \"><div class=\"freetextarea\"><p style=\"text-align: center;\"><span style=\"color: #0000ff;\"><strong><u><a style=\"color: #0000ff;\" href=\"mailto:twbau@bluewin.ch\" data-cke-saved-href=\"mailto:t.wieberneit@bluewin.ch\">twbau@bluewin.ch<\/a><\/u><\/strong><\/span><\/p><p style=\"text-align: center;\"><strong><a href=\"http:\/\/www.tw-bau.ch\" target=\"\" data-cke-saved-href=\"http:\/\/www.tw-bau.ch\"><span style=\"color: #0000ff;\">www.tw-bau.ch<\/span><\/a><\/strong><\/p><\/div><\/div><\/div>\t\t\t\t\t\t\t\t<\/div>\n\t\t\t\t<\/div>\n\t\t\t\t<\/div>\n\t\t\t\t\t<\/div>\n\t\t\t\t<\/div>\n\t\t\t\t<\/div>\n\t\t","protected":false},"excerpt":{"rendered":"<p>Planung und Ausf\u00fchrung rund um Haus, Garten und See Herzlich willkommen! Die speditive Umsetzung der uns \u00fcbertragenen Arbeiten ist unser Ziel.Dies erreichen wir Dank langj\u00e4hriger Erfahrung und hohem Qualit\u00e4tsdenken. Unsere \u00fcberdurchschnittlichen Leistungen aus einer Hand erlauben es uns, unseren Kunden jederzeit einen zuverl\u00e4ssigen Service zu bieten. Wir legen Wert darauf, gemeinsam mit unseren Kunden optimale&hellip;&nbsp;<a href=\"https:\/\/tw-bau.ch\/cms\/\" rel=\"bookmark\"><span class=\"screen-reader-text\">Home<\/span><\/a><\/p>\n","protected":false},"author":1,"featured_media":0,"parent":0,"menu_order":0,"comment_status":"closed","ping_status":"closed","template":"page-templates\/template-pagebuilder-full-width.php","meta":{"neve_meta_sidebar":"","neve_meta_container":"","neve_meta_enable_content_width":"","neve_meta_content_width":0,"neve_meta_title_alignment":"","neve_meta_author_avatar":"","neve_post_elements_order":"","neve_meta_disable_header":"","neve_meta_disable_footer":"","neve_meta_disable_title":"","footnotes":""},"class_list":["post-12","page","type-page","status-publish","hentry"],"_links":{"self":[{"href":"https:\/\/tw-bau.ch\/cms\/wp-json\/wp\/v2\/pages\/12","targetHints":{"allow":["GET"]}}],"collection":[{"href":"https:\/\/tw-bau.ch\/cms\/wp-json\/wp\/v2\/pages"}],"about":[{"href":"https:\/\/tw-bau.ch\/cms\/wp-json\/wp\/v2\/types\/page"}],"author":[{"embeddable":true,"href":"https:\/\/tw-bau.ch\/cms\/wp-json\/wp\/v2\/users\/1"}],"replies":[{"embeddable":true,"href":"https:\/\/tw-bau.ch\/cms\/wp-json\/wp\/v2\/comments?post=12"}],"version-history":[{"count":13,"href":"https:\/\/tw-bau.ch\/cms\/wp-json\/wp\/v2\/pages\/12\/revisions"}],"predecessor-version":[{"id":164,"href":"https:\/\/tw-bau.ch\/cms\/wp-json\/wp\/v2\/pages\/12\/revisions\/164"}],"wp:attachment":[{"href":"https:\/\/tw-bau.ch\/cms\/wp-json\/wp\/v2\/media?parent=12"}],"curies":[{"name":"wp","href":"https:\/\/api.w.org\/{rel}","templated":true}]}}